{"id":2,"date":"2006-07-07T08:32:02","date_gmt":"2006-07-07T06:32:02","guid":{"rendered":""},"modified":"2025-06-13T12:53:25","modified_gmt":"2025-06-13T10:53:25","slug":"about","status":"publish","type":"page","link":"https:\/\/www.atomcomics.net\/blog\/about\/","title":{"rendered":"Quienes somos"},"content":{"rendered":"<p><strong>ATOM COMICS<\/strong> abri\u00f3 sus puertas en Abril de 2005, desde entonces no hemos dejado de creer en la idea de ser una librer\u00eda especializada en c\u00f3mic abierta a todo el mundo.<\/p>\n<p>En nuestras tiendas podr\u00e1s encontrar una surtida oferta de c\u00f3mic de todo tipo: superh\u00e9roes, manga, underground, BD&#8230; Tambi\u00e9n tenemos narrativa actual, de g\u00e9nero, ensayo, <em>art-books<\/em> y lecturas alejadas de los canales m\u00e1s habituales. Asimismo, podr\u00e1s disfrutar de merchandising vario, camisetas, juegos de mesa&#8230;<\/p>\n<p>Si vienes no olvides hacerte socio, es completamente gratuito, teniendo derecho a descuento autom\u00e1tico.<\/p>\n<p><span style=\"line-height: 1.5em;\">Puedes seguirnos a trav\u00e9s de<\/span><span style=\"line-height: 1.5em;\">:\u00a0<\/span><a style=\"line-height: 1.5em;\" title=\"twitter de Atom\" href=\"http:\/\/twitter.com\/ATOMCOMICS\">Twitter<\/a>,<span style=\"line-height: 1.5em;\">\u00a0<\/span><a style=\"line-height: 1.5em;\" title=\"Facebook de Atom\" href=\"http:\/\/www.facebook.com\/pages\/Atom-Comics\/152089462494\">Facebook<\/a>, <a href=\"https:\/\/bsky.app\/profile\/atomcomics.bsky.social\">Bluesky<\/a> o <a href=\"https:\/\/www.instagram.com\/atomcomics\/\">Instagram<\/a><\/p>\n<div><\/div>\n<div>\n<div style=\"text-align: center;\"><strong>\u00a1ESPERAMOS VERTE PRONTO!<\/strong><\/div>\n<div style=\"text-align: left;\"><\/div>\n<blockquote>\n<div><strong>ATOM COMICS<\/strong> tiene dos locales en la Calle Luna n\u00famero 16 de Madrid centro, esquina con Calle Madera. Muy cerca de Gran V\u00eda y Metro Callao.<\/p>\n<\/div>\n<div><\/div>\n<\/blockquote>\n<p><center><iframe loading=\"lazy\" style=\"border: 0;\" src=\"https:\/\/www.google.com\/maps\/embed?pb=!1m18!1m12!1m3!1d3036.9905035874785!2d-3.7052199846036475!3d40.43120917936335!2m3!1f0!2f0!3f0!3m2!1i1024!2i768!4f13.1!3m3!1m2!1s0xd4228f563dd4213%3A0x652f51f84983e86f!2sAtom+C%C3%B3mics!5e0!3m2!1ses!2ses!4v1475618198815\" width=\"600\" height=\"450\" frameborder=\"0\" allowfullscreen=\"allowfullscreen\"><\/iframe><\/center><\/div>\n<p><center><\/center><\/p>\n<div><\/div>\n<div><em>Ambas tiendas abiertas ma\u00f1ana y tarde de lunes a s\u00e1bado.\u00a0<\/em><\/div>\n<div><\/div>\n<div><\/div>\n<div><em>Para cualquier duda, comentario, sugerencia e insulto puedes llamar a la tienda al <strong>911 15 12 14<\/strong>\u00a0\/ <strong>912 79 50 15<\/strong>\u00a0o enviarnos un mail a <a href=\"mailto:info@atomcomics.net\">info@atomcomics.net<\/a><\/em><\/div>\n","protected":false},"excerpt":{"rendered":"<p>ATOM COMICS abri\u00f3 sus puertas en Abril de 2005, desde entonces no hemos dejado de creer en la idea de ser una librer\u00eda especializada en c\u00f3mic abierta a todo el mundo. En nuestras tiendas podr\u00e1s&hellip; <a class=\"read-more-link\" href=\"https:\/\/www.atomcomics.net\/blog\/about\/\">(seguir leyendo)<\/a><\/p>\n","protected":false},"author":1,"featured_media":9921,"parent":0,"menu_order":1,"comment_status":"closed","ping_status":"closed","template":"","meta":{"jetpack_post_was_ever_published":false,"footnotes":""},"class_list":["post-2","page","type-page","status-publish","has-post-thumbnail","hentry"],"jetpack_shortlink":"https:\/\/wp.me\/P53Ua-2","jetpack-related-posts":[],"jetpack_sharing_enabled":true,"_links":{"self":[{"href":"https:\/\/www.atomcomics.net\/blog\/wp-json\/wp\/v2\/pages\/2","targetHints":{"allow":["GET"]}}],"collection":[{"href":"https:\/\/www.atomcomics.net\/blog\/wp-json\/wp\/v2\/pages"}],"about":[{"href":"https:\/\/www.atomcomics.net\/blog\/wp-json\/wp\/v2\/types\/page"}],"author":[{"embeddable":true,"href":"https:\/\/www.atomcomics.net\/blog\/wp-json\/wp\/v2\/users\/1"}],"replies":[{"embeddable":true,"href":"https:\/\/www.atomcomics.net\/blog\/wp-json\/wp\/v2\/comments?post=2"}],"version-history":[{"count":50,"href":"https:\/\/www.atomcomics.net\/blog\/wp-json\/wp\/v2\/pages\/2\/revisions"}],"predecessor-version":[{"id":14807,"href":"https:\/\/www.atomcomics.net\/blog\/wp-json\/wp\/v2\/pages\/2\/revisions\/14807"}],"wp:featuredmedia":[{"embeddable":true,"href":"https:\/\/www.atomcomics.net\/blog\/wp-json\/wp\/v2\/media\/9921"}],"wp:attachment":[{"href":"https:\/\/www.atomcomics.net\/blog\/wp-json\/wp\/v2\/media?parent=2"}],"curies":[{"name":"wp","href":"https:\/\/api.w.org\/{rel}","templated":true}]}}